{"id":36,"date":"2023-09-01T23:16:48","date_gmt":"2023-09-01T21:16:48","guid":{"rendered":"https:\/\/33id.fr\/?page_id=36"},"modified":"2023-09-10T14:05:58","modified_gmt":"2023-09-10T12:05:58","slug":"accueil","status":"publish","type":"page","link":"https:\/\/33id.fr\/site\/","title":{"rendered":"Accueil"},"content":{"rendered":"<p><div class=\"et_d4_element et_pb_section et_pb_section_0  et_pb_css_mix_blend_mode et_section_regular et_block_section\" >\n\t\t\t\t\n\t\t\t\t\n\t\t\t\t\n\t\t\t\t\n\t\t\t\t\n\t\t\t\t\n\t\t\t\t<div class=\"et_d4_element et_pb_row et_pb_row_0  et_pb_css_mix_blend_mode et_block_row\">\n\t\t\t\t<div class=\"et_d4_element et_pb_column_4_4 et_pb_column et_pb_column_0  et_pb_css_mix_blend_mode et-last-child et_block_column\">\n\t\t\t\t\n\t\t\t\t\n\t\t\t\t\n\t\t\t\t\n\t\t\t\t<div class=\"et_pb_module et_d4_element et_pb_text et_pb_text_0  et_pb_text_align_left et_pb_bg_layout_light\">\n\t\t\t\t\n\t\t\t\t\n\t\t\t\t\n\t\t\t\t\n\t\t\t\t<div class=\"et_pb_text_inner\"><h1>Agence de communication par le mot et l\u2019image<\/h1><\/div>\n\t\t\t<\/div>\n\t\t\t<\/div>\n\t\t\t\t\n\t\t\t\t\n\t\t\t\t\n\t\t\t\t\n\t\t\t<\/div><div class=\"et_d4_element et_pb_row et_pb_row_1  et_pb_css_mix_blend_mode et_block_row\">\n\t\t\t\t<div class=\"et_d4_element et_pb_column_1_3 et_pb_column et_pb_column_1  et_pb_css_mix_blend_mode et_block_column et_pb_column_empty\">\n\t\t\t\t\n\t\t\t\t\n\t\t\t\t\n\t\t\t\t\n\t\t\t\t\n\t\t\t<\/div><div class=\"et_d4_element et_pb_column_1_3 et_pb_column et_pb_column_2  et_pb_css_mix_blend_mode et_block_column\">\n\t\t\t\t\n\t\t\t\t\n\t\t\t\t\n\t\t\t\t\n\t\t\t\t<div class=\"et_pb_module et_d4_element et_pb_image et_pb_image_0\">\n\t\t\t\t\n\t\t\t\t\n\t\t\t\t\n\t\t\t\t\n\t\t\t\t<span class=\"et_pb_image_wrap \"><img loading=\"lazy\" decoding=\"async\" width=\"548\" height=\"326\" src=\"https:\/\/33id.fr\/site\/wp-content\/uploads\/2023\/09\/Logo-33id-site-600px.webp\" alt=\"logo site internent 33id Amifor\" title=\"Logo-33id-site-600px\" srcset=\"https:\/\/33id.fr\/site\/wp-content\/uploads\/2023\/09\/Logo-33id-site-600px.webp 548w, https:\/\/33id.fr\/site\/wp-content\/uploads\/2023\/09\/Logo-33id-site-600px-480x286.webp 480w\" sizes=\"(min-width: 0px) and (max-width: 480px) 480px, (min-width: 481px) 548px, 100vw\" class=\"wp-image-102\" \/><\/span>\n\t\t\t<\/div>\n\t\t\t<\/div><div class=\"et_d4_element et_pb_column_1_3 et_pb_column et_pb_column_3  et_pb_css_mix_blend_mode et-last-child et_block_column et_pb_column_empty\">\n\t\t\t\t\n\t\t\t\t\n\t\t\t\t\n\t\t\t\t\n\t\t\t\t\n\t\t\t<\/div>\n\t\t\t\t\n\t\t\t\t\n\t\t\t\t\n\t\t\t\t\n\t\t\t<\/div>\n\t\t\t\t\n\t\t\t\t\n\t\t\t<\/div><div class=\"et_d4_element et_pb_section et_pb_section_1 et_pb_section_parallax et_pb_with_background  et_pb_css_mix_blend_mode et_section_regular et_block_section\" >\n\t\t\t\t\n\t\t\t\t<span class=\"et_parallax_bg_wrap et-pb-parallax-wrapper\"><span\n\t\t\t\t\t\tclass=\"et_parallax_bg et_parallax_bg--et_pb_section_1\"\n\t\t\t\t\t\tstyle=\"background-image: url(https:\/\/33id.fr\/site\/wp-content\/uploads\/2023\/09\/fond-logo-33id-scaled.webp);\"\n\t\t\t\t\t><\/span><\/span>\n\t\t\t\t\n\t\t\t\t\n\t\t\t\t\n\t\t\t\t\n\t\t\t\t<div class=\"et_d4_element et_pb_row et_pb_row_2  et_pb_css_mix_blend_mode et_block_row\">\n\t\t\t\t<div class=\"et_d4_element et_pb_column_1_2 et_pb_column et_pb_column_4  et_pb_css_mix_blend_mode et_block_column\">\n\t\t\t\t\n\t\t\t\t\n\t\t\t\t\n\t\t\t\t\n\t\t\t\t<div class=\"et_pb_module et_d4_element et_pb_text et_pb_text_1  et_pb_text_align_left et_pb_bg_layout_light\">\n\t\t\t\t\n\t\t\t\t\n\t\t\t\t\n\t\t\t\t\n\t\t\t\t<div class=\"et_pb_text_inner\"><h2>Identit\u00e9<br \/><span style=\"color: #e09900;\">Naming<\/span><br \/><span style=\"font-size: xx-large;\"><span style=\"font-size: x-large;\">et\/ou<\/span> graphique<\/span><\/h2><\/div>\n\t\t\t<\/div><div class=\"et_pb_module et_d4_element et_pb_image et_pb_image_1\">\n\t\t\t\t\n\t\t\t\t\n\t\t\t\t\n\t\t\t\t\n\t\t\t\t<span class=\"et_pb_image_wrap \"><img loading=\"lazy\" decoding=\"async\" width=\"325\" height=\"292\" src=\"https:\/\/33id.fr\/site\/wp-content\/uploads\/2023\/09\/Triangle.png\" alt=\"\" title=\"Triangle\" srcset=\"https:\/\/33id.fr\/site\/wp-content\/uploads\/2023\/09\/Triangle.png 325w, https:\/\/33id.fr\/site\/wp-content\/uploads\/2023\/09\/Triangle-300x270.png 300w\" sizes=\"(max-width: 325px) 100vw, 325px\" class=\"wp-image-88\" \/><\/span>\n\t\t\t<\/div><div class=\"et_pb_module et_d4_element et_pb_text et_pb_text_2  et_pb_text_align_left et_pb_bg_layout_light\">\n\t\t\t\t\n\t\t\t\t\n\t\t\t\t\n\t\t\t\t\n\t\t\t\t<div class=\"et_pb_text_inner\"><h4><strong>33id<\/strong> est sp\u00e9cialis\u00e9 dans le \"<span style=\"color: #08af88;\"><strong>Naming<\/strong><\/span>\". Notre Agence donne du sens \u00e0 vos entreprises, \u00e0 vos projets, \u00e0 vos produits, \u00e0 votre histoire. Le Naming est un m\u00e9tier \u00e0 part enti\u00e8re, souvent trop dilu\u00e9 dans les devis Communication\/Marketing des agences, c'est pourtant une \u00e9tape essentielle du process identitaire.<\/h4>\n<h4>Avoir un nom, c'est avoir une histoire, c'est se d\u00e9marquer. Tous les clients ayant\u00a0 b\u00e9n\u00e9fici\u00e9 de notre accompagnement depuis plus de 15 ans, ont pu voir leur marque croitre, leur projet prendre vie et devenir p\u00e9renne. L'atout d'une marque bien attribu\u00e9e et bien prot\u00e9g\u00e9e : \u00eatre un vecteur de r\u00e9f\u00e9rence, de notori\u00e9t\u00e9 et de croissance.<\/h4><\/div>\n\t\t\t<\/div><div class=\"et_pb_module et_d4_element et_pb_text et_pb_text_3  et_pb_text_align_left et_pb_bg_layout_light\">\n\t\t\t\t\n\t\t\t\t\n\t\t\t\t\n\t\t\t\t\n\t\t\t\t<div class=\"et_pb_text_inner\"><h3><span style=\"color: #e09900; font-size: x-large;\"><strong>Notre d\u00e9marche<\/strong><\/span><br \/><strong><\/strong><\/h3>\n<h3><strong>M<\/strong>ieux vous conna\u00eetre, vous, futurs porteurs de v\u00f4tre marque.<br \/><strong>C<\/strong>erner votre contexte et vos besoins.<br \/><strong>M<\/strong>ettre en place des techniques cadr\u00e9es permettant de\u00a0 r\u00e9v\u00e9ler votre TRESORIUM<br \/><strong>R<\/strong>echercher en agence \u00e0 partir de votre TRESORIUM\u00a0 2 \u00e0 4 marques argument\u00e9es et \"story tell\u00e9es\". Les marques sont \u00e9galement examin\u00e9es au regard d'un d\u00e9p\u00f4t INPI possible.<\/h3>\n<p>&nbsp;<\/p>\n<h3><strong>V<\/strong>otre marque choisie, d\u00e9pos\u00e9e, 33id vous propose une option identit\u00e9 graphique.<\/h3><\/div>\n\t\t\t<\/div>\n\t\t\t<\/div><div class=\"et_d4_element et_pb_column_1_2 et_pb_column et_pb_column_5  et_pb_css_mix_blend_mode et-last-child et_block_column\">\n\t\t\t\t\n\t\t\t\t\n\t\t\t\t\n\t\t\t\t\n\t\t\t\t<div class=\"et_pb_module et_d4_element et_pb_text et_pb_text_4  et_pb_text_align_left et_pb_bg_layout_light\">\n\t\t\t\t\n\t\t\t\t\n\t\t\t\t\n\t\t\t\t\n\t\t\t\t<div class=\"et_pb_text_inner\"><h2><span style=\"color: #e09900;\">Photographie<\/span><br \/>studio,<\/h2>\n<h2>reportage<\/h2><\/div>\n\t\t\t<\/div><div class=\"et_pb_module et_d4_element et_pb_image et_pb_image_2\">\n\t\t\t\t\n\t\t\t\t\n\t\t\t\t\n\t\t\t\t\n\t\t\t\t<span class=\"et_pb_image_wrap \"><img loading=\"lazy\" decoding=\"async\" width=\"332\" height=\"298\" src=\"https:\/\/33id.fr\/site\/wp-content\/uploads\/2023\/09\/Triangle-orange.png\" alt=\"\" title=\"Triangle-orange\" srcset=\"https:\/\/33id.fr\/site\/wp-content\/uploads\/2023\/09\/Triangle-orange.png 332w, https:\/\/33id.fr\/site\/wp-content\/uploads\/2023\/09\/Triangle-orange-300x269.png 300w\" sizes=\"(max-width: 332px) 100vw, 332px\" class=\"wp-image-89\" \/><\/span>\n\t\t\t<\/div><div class=\"et_pb_module et_d4_element et_pb_text et_pb_text_5  et_pb_text_align_left et_pb_bg_layout_light\">\n\t\t\t\t\n\t\t\t\t\n\t\t\t\t\n\t\t\t\t\n\t\t\t\t<div class=\"et_pb_text_inner\"><h4>Avec plus de 30 ans d'exp\u00e9rience dans le domaine de la photographie et du traitement de l'image, 33id s'est rendu l\u00e9gitime dans le domaine de l'image, de la prise de vue et de son traitement. Nos domaines privil\u00e9gi\u00e9s :<\/h4>\n<ul>\n<li style=\"list-style-type: none;\">\n<ul>\n<li style=\"list-style-type: none;\">\n<ul>\n<li><span style=\"color: #666666; font-size: large;\"><strong>Produits industriels<\/strong><\/span><\/li>\n<li><span style=\"color: #666666; font-size: large;\"><strong>Architecture\/B\u00e2timents<\/strong><\/span><\/li>\n<li><span style=\"color: #666666; font-size: large;\"><strong>Patrimoine<\/strong><\/span><\/li>\n<li><span style=\"color: #666666; font-size: large;\"><strong>Paysages<\/strong><\/span><\/li>\n<li><span style=\"color: #666666; font-size: large;\"><strong>Photo d'ambiance et groupes<\/strong><\/span><\/li>\n<\/ul>\n<\/li>\n<\/ul>\n<\/li>\n<\/ul><\/div>\n\t\t\t<\/div><div class=\"et_pb_module et_d4_element et_pb_text et_pb_text_6  et_pb_text_align_left et_pb_bg_layout_light\">\n\t\t\t\t\n\t\t\t\t\n\t\t\t\t\n\t\t\t\t\n\t\t\t\t<div class=\"et_pb_text_inner\"><h4>Au service des artisans, TPE, PME nous sommes \u00e0 l'\u00e9coute de vos besoins en prise de vue et traitement.<\/h4><\/div>\n\t\t\t<\/div><div class=\"et_pb_module et_d4_element et_pb_text et_pb_text_7  et_pb_text_align_left et_pb_bg_layout_light\">\n\t\t\t\t\n\t\t\t\t\n\t\t\t\t\n\t\t\t\t\n\t\t\t\t<div class=\"et_pb_text_inner\"><h2><span style=\"color: #e09900;\">Phototh\u00e8que<\/span><br \/><span style=\"font-size: xx-large;\">Achat photo<br \/>(en d\u00e9veloppement)<\/span><\/h2><\/div>\n\t\t\t<\/div>\n\t\t\t<\/div>\n\t\t\t\t\n\t\t\t\t\n\t\t\t\t\n\t\t\t\t\n\t\t\t<\/div>\n\t\t\t\t\n\t\t\t\t\n\t\t\t<\/div><div id=\"contact\" class=\"et_d4_element et_pb_section et_pb_section_2  et_pb_css_mix_blend_mode et_section_regular et_block_section\" >\n\t\t\t\t\n\t\t\t\t\n\t\t\t\t\n\t\t\t\t\n\t\t\t\t\n\t\t\t\t\n\t\t\t\t<div class=\"et_d4_element et_pb_row et_pb_row_3  et_pb_css_mix_blend_mode et_block_row\">\n\t\t\t\t<div class=\"et_d4_element et_pb_column_4_4 et_pb_column et_pb_column_6  et_pb_css_mix_blend_mode et-last-child et_block_column\">\n\t\t\t\t\n\t\t\t\t\n\t\t\t\t\n\t\t\t\t\n\t\t\t\t\n\t\t\t<div id=\"et_pb_contact_form_0\" class=\"et_pb_module et_d4_element et_pb_contact_form_0 et_pb_contact_form_container clearfix et_block_module\" data-form_unique_num=\"0\" data-form_unique_id=\"17b94474-9113-4e48-92d5-20c7d40ce646\">\n\t\t\t\t\n\t\t\t\t\n\t\t\t\t\n\t\t\t\t\n\t\t\t\t\n\t\t\t\t<div class=\"et-pb-contact-message\"><\/div>\n\t\t\t\t\n\t\t\t\t<div class=\"et_pb_contact\">\n\t\t\t\t\t<form class=\"et_pb_contact_form clearfix\" method=\"post\" action=\"https:\/\/33id.fr\/site\/wp-json\/wp\/v2\/pages\/36\">\n\t\t\t\t\t\t<p class=\"et_d4_element et_pb_contact_field et_pb_contact_field_0 et_pb_contact_field_half\" data-id=\"name\" data-type=\"input\">\n\t\t\t\t\n\t\t\t\t\n\t\t\t\t\n\t\t\t\t\n\t\t\t\t<label for=\"et_pb_contact_name_0\" class=\"et_pb_contact_form_label\">Nom<\/label>\n\t\t\t\t<input type=\"text\" id=\"et_pb_contact_name_0\" class=\"input\" value=\"\" name=\"et_pb_contact_name_0\" data-required_mark=\"required\" data-field_type=\"input\" data-original_id=\"name\" placeholder=\"Nom\">\n\t\t\t<\/p><p class=\"et_d4_element et_pb_contact_field et_pb_contact_field_1 et_pb_contact_field_half et_pb_contact_field_last\" data-id=\"email\" data-type=\"email\">\n\t\t\t\t\n\t\t\t\t\n\t\t\t\t\n\t\t\t\t\n\t\t\t\t<label for=\"et_pb_contact_email_0\" class=\"et_pb_contact_form_label\">Adresse e-mail<\/label>\n\t\t\t\t<input type=\"text\" id=\"et_pb_contact_email_0\" class=\"input\" value=\"\" name=\"et_pb_contact_email_0\" data-required_mark=\"required\" data-field_type=\"email\" data-original_id=\"email\" placeholder=\"Adresse e-mail\">\n\t\t\t<\/p><p class=\"et_d4_element et_pb_contact_field et_pb_contact_field_2 et_pb_contact_field_last\" data-id=\"message\" data-type=\"text\">\n\t\t\t\t\n\t\t\t\t\n\t\t\t\t\n\t\t\t\t\n\t\t\t\t<label for=\"et_pb_contact_message_0\" class=\"et_pb_contact_form_label\">Message<\/label>\n\t\t\t\t<textarea name=\"et_pb_contact_message_0\" id=\"et_pb_contact_message_0\" class=\"et_pb_contact_message input\" data-required_mark=\"required\" data-field_type=\"text\" data-original_id=\"message\" placeholder=\"Message\"><\/textarea>\n\t\t\t<\/p>\n\t\t\t\t\t\t<input type=\"hidden\" value=\"et_contact_proccess\" name=\"et_pb_contactform_submit_0\"\/>\n\t\t\t\t\t\t<div class=\"et_contact_bottom_container\">\n\t\t\t\t\t\t\t\n\t\t\t<div class=\"et_pb_contact_right et_pb_contact_field\">\n\t\t\t\t<p class=\"clearfix\">\n\t\t\t\t\t<span class=\"et_pb_contact_captcha_question\">12 + 8<\/span> = <input type=\"text\" size=\"2\" class=\"input et_pb_contact_captcha\" data-first_digit=\"12\" data-second_digit=\"8\" value=\"\" name=\"et_pb_contact_captcha_0\" data-required_mark=\"required\" autocomplete=\"off\">\n\t\t\t\t<\/p>\n\t\t\t<\/div>\n\t\t\t\t\t\t\t<button type=\"submit\" name=\"et_builder_submit_button\" class=\"et_pb_contact_submit et_pb_button\">Envoyer<\/button>\n\t\t\t\t\t\t<\/div>\n\t\t\t\t\t\t<input type=\"hidden\" id=\"_wpnonce-et-pb-contact-form-submitted-0\" name=\"_wpnonce-et-pb-contact-form-submitted-0\" value=\"3f85d5daf4\" \/><input type=\"hidden\" name=\"_wp_http_referer\" value=\"\/site\/wp-json\/wp\/v2\/pages\/36\" \/>\n\t\t\t\t\t<\/form>\n\t\t\t\t<\/div>\n\t\t\t<\/div>\n\t\t\t\n\t\t\t<\/div>\n\t\t\t\t\n\t\t\t\t\n\t\t\t\t\n\t\t\t\t\n\t\t\t<\/div>\n\t\t\t\t\n\t\t\t\t\n\t\t\t<\/div><\/p>\n","protected":false},"excerpt":{"rendered":"","protected":false},"author":1,"featured_media":0,"parent":0,"menu_order":0,"comment_status":"closed","ping_status":"closed","template":"page-template-blank.php","meta":{"_et_pb_use_builder":"on","_et_pb_old_content":"","_et_gb_content_width":"1280","footnotes":""},"class_list":["post-36","page","type-page","status-publish","hentry"],"jetpack_sharing_enabled":true,"_links":{"self":[{"href":"https:\/\/33id.fr\/site\/wp-json\/wp\/v2\/pages\/36","targetHints":{"allow":["GET"]}}],"collection":[{"href":"https:\/\/33id.fr\/site\/wp-json\/wp\/v2\/pages"}],"about":[{"href":"https:\/\/33id.fr\/site\/wp-json\/wp\/v2\/types\/page"}],"author":[{"embeddable":true,"href":"https:\/\/33id.fr\/site\/wp-json\/wp\/v2\/users\/1"}],"replies":[{"embeddable":true,"href":"https:\/\/33id.fr\/site\/wp-json\/wp\/v2\/comments?post=36"}],"version-history":[{"count":36,"href":"https:\/\/33id.fr\/site\/wp-json\/wp\/v2\/pages\/36\/revisions"}],"predecessor-version":[{"id":363,"href":"https:\/\/33id.fr\/site\/wp-json\/wp\/v2\/pages\/36\/revisions\/363"}],"wp:attachment":[{"href":"https:\/\/33id.fr\/site\/wp-json\/wp\/v2\/media?parent=36"}],"curies":[{"name":"wp","href":"https:\/\/api.w.org\/{rel}","templated":true}]}}